{"id":33,"date":"2025-04-14T11:30:28","date_gmt":"2025-04-14T09:30:28","guid":{"rendered":"https:\/\/www.almira.sk\/index.php\/contact\/"},"modified":"2025-05-09T14:07:18","modified_gmt":"2025-05-09T12:07:18","slug":"contact","status":"publish","type":"page","link":"https:\/\/www.almira.sk\/?page_id=33","title":{"rendered":""},"content":{"rendered":"\t\t<div data-elementor-type=\"wp-page\" data-elementor-id=\"33\" class=\"elementor elementor-33\">\n\t\t\t\t<div class=\"elementor-element elementor-element-badc950 e-flex e-con-boxed e-con e-parent\" data-id=\"badc950\" data-element_type=\"container\" data-settings=\"{&quot;background_background&quot;:&quot;classic&quot;}\">\n\t\t\t\t\t<div class=\"e-con-inner\">\n\t\t<div class=\"elementor-element elementor-element-05b938a e-con-full e-flex e-con e-child\" data-id=\"05b938a\" data-element_type=\"container\">\n\t\t\t\t<div class=\"elementor-element elementor-element-735b1d9 elementor-widget elementor-widget-heading\" data-id=\"735b1d9\" data-element_type=\"widget\" data-widget_type=\"heading.default\">\n\t\t\t\t<div class=\"elementor-widget-container\">\n\t\t\t\t\t<h1 class=\"elementor-heading-title elementor-size-default\">KONTAKTY<\/h1>\t\t\t\t<\/div>\n\t\t\t\t<\/div>\n\t\t\t\t<\/div>\n\t\t\t\t\t<\/div>\n\t\t\t\t<\/div>\n\t\t<div class=\"elementor-element elementor-element-bc1c2c7 e-flex e-con-boxed e-con e-parent\" data-id=\"bc1c2c7\" data-element_type=\"container\">\n\t\t\t\t\t<div class=\"e-con-inner\">\n\t\t<div class=\"elementor-element elementor-element-74c1ea7 e-con-full e-flex e-con e-child\" data-id=\"74c1ea7\" data-element_type=\"container\">\n\t\t\t\t<div class=\"elementor-element elementor-element-9b503dd elementor-widget elementor-widget-link-in-bio\" data-id=\"9b503dd\" data-element_type=\"widget\" data-widget_type=\"link-in-bio.default\">\n\t\t\t\t<div class=\"elementor-widget-container\">\n\t\t\t\t\t\t\t<div class=\"e-link-in-bio e-link-in-bio\">\n\t\t\t<div class=\"e-link-in-bio__content\">\n\n\t\t\t\t\t\t<div class=\"e-link-in-bio__identity\">\n\t\t\t\t\t\t\t\t\t<div class=\"e-link-in-bio__identity-image e-link-in-bio__identity-image-cover\">\n\t\t\t\t\t\t\t<img decoding=\"async\" width=\"92\" height=\"69\" src=\"https:\/\/www.almira.sk\/wp-content\/uploads\/2025\/04\/logo.svg\" class=\"e-link-in-bio__identity-image-element\" alt=\"Almira s.r.o.\" srcset=\"https:\/\/www.almira.sk\/wp-content\/uploads\/2025\/04\/logo.svg 1x, https:\/\/www.almira.sk\/wp-content\/uploads\/2025\/04\/logo.svg 2x\" \/>\t\t\t\t\t\t\t\t\t\t\t\t\t<\/div>\n\t\t\t\t\t\t\t<\/div>\n\t\t\t\t\t<div class=\"e-link-in-bio__bio\">\n\t\t\t\t<div class=\"e-link-in-bio__heading\">ALMIRA s.r.o.<\/div>\t\t\t\t<span class=\"e-link-in-bio__title\">958&nbsp;52&nbsp;\u017dabokreky nad Nitrou 109\n<\/span>\t\t\t\t\t\t\t\t\t\t\t<\/div>\n\t\t\t\t\t<div class=\"e-link-in-bio__icons has-size-small\">\n\t\t\t\t\t\t\t<div class=\"e-link-in-bio__icon is-size-small\">\n\t\t\t\t\t<a target=\"_blank\" rel=\"noopener \" aria-label=\"Facebook\" class=\"e-link-in-bio__icon-link\" href=\"\">\n\t\t\t\t\t\t<span class=\"e-link-in-bio__icon-svg\">\n\t\t\t\t\t\t\t<svg aria-hidden=\"true\" class=\"e-font-icon-svg e-fab-facebook\" viewBox=\"0 0 512 512\" xmlns=\"http:\/\/www.w3.org\/2000\/svg\"><path d=\"M504 256C504 119 393 8 256 8S8 119 8 256c0 123.78 90.69 226.38 209.25 245V327.69h-63V256h63v-54.64c0-62.15 37-96.48 93.67-96.48 27.14 0 55.52 4.84 55.52 4.84v61h-31.28c-30.8 0-40.41 19.12-40.41 38.73V256h68.78l-11 71.69h-57.78V501C413.31 482.38 504 379.78 504 256z\"><\/path><\/svg>\t\t\t\t\t\t<\/span>\n\t\t\t\t\t\t\t\t\t\t\t<\/a>\n\t\t\t\t<\/div>\n\t\t\t\t\t\t\t<div class=\"e-link-in-bio__icon is-size-small\">\n\t\t\t\t\t<a target=\"_blank\" rel=\"noopener \" aria-label=\"Instagram\" class=\"e-link-in-bio__icon-link\" href=\"\">\n\t\t\t\t\t\t<span class=\"e-link-in-bio__icon-svg\">\n\t\t\t\t\t\t\t<svg aria-hidden=\"true\" class=\"e-font-icon-svg e-fab-instagram\" viewBox=\"0 0 448 512\" xmlns=\"http:\/\/www.w3.org\/2000\/svg\"><path d=\"M224.1 141c-63.6 0-114.9 51.3-114.9 114.9s51.3 114.9 114.9 114.9S339 319.5 339 255.9 287.7 141 224.1 141zm0 189.6c-41.1 0-74.7-33.5-74.7-74.7s33.5-74.7 74.7-74.7 74.7 33.5 74.7 74.7-33.6 74.7-74.7 74.7zm146.4-194.3c0 14.9-12 26.8-26.8 26.8-14.9 0-26.8-12-26.8-26.8s12-26.8 26.8-26.8 26.8 12 26.8 26.8zm76.1 27.2c-1.7-35.9-9.9-67.7-36.2-93.9-26.2-26.2-58-34.4-93.9-36.2-37-2.1-147.9-2.1-184.9 0-35.8 1.7-67.6 9.9-93.9 36.1s-34.4 58-36.2 93.9c-2.1 37-2.1 147.9 0 184.9 1.7 35.9 9.9 67.7 36.2 93.9s58 34.4 93.9 36.2c37 2.1 147.9 2.1 184.9 0 35.9-1.7 67.7-9.9 93.9-36.2 26.2-26.2 34.4-58 36.2-93.9 2.1-37 2.1-147.8 0-184.8zM398.8 388c-7.8 19.6-22.9 34.7-42.6 42.6-29.5 11.7-99.5 9-132.1 9s-102.7 2.6-132.1-9c-19.6-7.8-34.7-22.9-42.6-42.6-11.7-29.5-9-99.5-9-132.1s-2.6-102.7 9-132.1c7.8-19.6 22.9-34.7 42.6-42.6 29.5-11.7 99.5-9 132.1-9s102.7-2.6 132.1 9c19.6 7.8 34.7 22.9 42.6 42.6 11.7 29.5 9 99.5 9 132.1s2.7 102.7-9 132.1z\"><\/path><\/svg>\t\t\t\t\t\t<\/span>\n\t\t\t\t\t\t\t\t\t\t\t<\/a>\n\t\t\t\t<\/div>\n\t\t\t\t\t<\/div>\n\t\t\n\t\t<div class=\"e-link-in-bio__ctas has-type-button\">\n\t\t\t\t\t\t\t<a class=\"e-link-in-bio__cta is-type-button has-corners-rounded\" href=\"mailto:almirasro@gmail.com\">\n\t\t\t\t\t\t\t\t\t\t<span class=\"e-link-in-bio__cta-text\">\n\t\t\t\t\t\tNap\u00ed\u0161te n\u00e1m\t\t\t\t\t<\/span>\n\t\t\t\t<\/a>\n\t\t\t\t\t\t\t<a class=\"e-link-in-bio__cta is-type-button has-corners-rounded\" href=\"tel:+421%2038%205421%20074\">\n\t\t\t\t\t\t\t\t\t\t<span class=\"e-link-in-bio__cta-text\">\n\t\t\t\t\t\tOffice +421 38 5421 0745\t\t\t\t\t<\/span>\n\t\t\t\t<\/a>\n\t\t\t\t\t\t\t<a class=\"e-link-in-bio__cta is-type-button has-corners-rounded\" href=\"tel:+421%20905%20453%20923\">\n\t\t\t\t\t\t\t\t\t\t<span class=\"e-link-in-bio__cta-text\">\n\t\t\t\t\t\tMobile +421 905 453 923\t\t\t\t\t<\/span>\n\t\t\t\t<\/a>\n\t\t\t\t\t\t\t<a class=\"e-link-in-bio__cta is-type-button has-corners-rounded\" href=\"tel:+421%20905%20237%20951\">\n\t\t\t\t\t\t\t\t\t\t<span class=\"e-link-in-bio__cta-text\">\n\t\t\t\t\t\tMobile +421 905 237 951\t\t\t\t\t<\/span>\n\t\t\t\t<\/a>\n\t\t\t\t\t<\/div>\n\t\t\n\t\t\t<\/div>\n\t\t\t<div class=\"e-link-in-bio__bg\">\n\t\t\t\t<div class=\"e-link-in-bio__bg-overlay\"><\/div>\n\t\t\t<\/div>\n\t\t<\/div>\n\t\t\t\t\t\t<\/div>\n\t\t\t\t<\/div>\n\t\t\t\t<\/div>\n\t\t\t\t\t<\/div>\n\t\t\t\t<\/div>\n\t\t<div class=\"elementor-element elementor-element-c436e63 e-con-full e-flex e-con e-parent\" data-id=\"c436e63\" data-element_type=\"container\">\n\t\t<div class=\"elementor-element elementor-element-fd200f6 e-con-full e-flex e-con e-child\" data-id=\"fd200f6\" data-element_type=\"container\">\n\t\t\t\t<div class=\"elementor-element elementor-element-ff981b8 elementor-widget elementor-widget-google_maps\" data-id=\"ff981b8\" data-element_type=\"widget\" data-widget_type=\"google_maps.default\">\n\t\t\t\t<div class=\"elementor-widget-container\">\n\t\t\t\t\t\t\t<div class=\"elementor-custom-embed\">\n\t\t\t<iframe loading=\"lazy\"\n\t\t\t\t\tsrc=\"https:\/\/maps.google.com\/maps?q=%C5%BDabokreky%20nad%20Nitoru%20109&#038;t=m&#038;z=12&#038;output=embed&#038;iwloc=near\"\n\t\t\t\t\ttitle=\"\u017dabokreky nad Nitoru 109\"\n\t\t\t\t\taria-label=\"\u017dabokreky nad Nitoru 109\"\n\t\t\t><\/iframe>\n\t\t<\/div>\n\t\t\t\t\t\t<\/div>\n\t\t\t\t<\/div>\n\t\t\t\t<\/div>\n\t\t\t\t<\/div>\n\t\t\t\t<\/div>\n\t\t","protected":false},"excerpt":{"rendered":"<p>KONTAKTY ALMIRA s.r.o. 958&nbsp;52&nbsp;\u017dabokreky nad Nitrou 109 Nap\u00ed\u0161te n\u00e1m Office +421 38 5421 0745 Mobile +421 905 453 923 Mobile +421 905 237 951<\/p>\n","protected":false},"author":1,"featured_media":0,"parent":0,"menu_order":0,"comment_status":"closed","ping_status":"closed","template":"","meta":{"site-sidebar-layout":"no-sidebar","site-content-layout":"page-builder","ast-site-content-layout":"full-width-container","site-content-style":"unboxed","site-sidebar-style":"unboxed","ast-global-header-display":"","ast-banner-title-visibility":"","ast-main-header-display":"","ast-hfb-above-header-display":"","ast-hfb-below-header-display":"","ast-hfb-mobile-header-display":"","site-post-title":"","ast-breadcrumbs-content":"","ast-featured-img":"","footer-sml-layout":"","theme-transparent-header-meta":"enabled","adv-header-id-meta":"","stick-header-meta":"","header-above-stick-meta":"","header-main-stick-meta":"","header-below-stick-meta":"","astra-migrate-meta-layouts":"set","ast-page-background-enabled":"default","ast-page-background-meta":{"desktop":{"background-color":"","background-image":"","background-repeat":"repeat","background-position":"center center","background-size":"auto","background-attachment":"scroll","background-type":"","background-media":"","overlay-type":"","overlay-color":"","overlay-opacity":"","overlay-gradient":""},"tablet":{"background-color":"","background-image":"","background-repeat":"repeat","background-position":"center center","background-size":"auto","background-attachment":"scroll","background-type":"","background-media":"","overlay-type":"","overlay-color":"","overlay-opacity":"","overlay-gradient":""},"mobile":{"background-color":"","background-image":"","background-repeat":"repeat","background-position":"center center","background-size":"auto","background-attachment":"scroll","background-type":"","background-media":"","overlay-type":"","overlay-color":"","overlay-opacity":"","overlay-gradient":""}},"ast-content-background-meta":{"desktop":{"background-color":"var(--ast-global-color-5)","background-image":"","background-repeat":"repeat","background-position":"center center","background-size":"auto","background-attachment":"scroll","background-type":"","background-media":"","overlay-type":"","overlay-color":"","overlay-opacity":"","overlay-gradient":""},"tablet":{"background-color":"var(--ast-global-color-5)","background-image":"","background-repeat":"repeat","background-position":"center center","background-size":"auto","background-attachment":"scroll","background-type":"","background-media":"","overlay-type":"","overlay-color":"","overlay-opacity":"","overlay-gradient":""},"mobile":{"background-color":"var(--ast-global-color-5)","background-image":"","background-repeat":"repeat","background-position":"center center","background-size":"auto","background-attachment":"scroll","background-type":"","background-media":"","overlay-type":"","overlay-color":"","overlay-opacity":"","overlay-gradient":""}},"footnotes":""},"class_list":["post-33","page","type-page","status-publish","hentry"],"yoast_head":"<!-- This site is optimized with the Yoast SEO plugin v25.0 - https:\/\/yoast.com\/wordpress\/plugins\/seo\/ -->\n<title>- Almira s.r.o<\/title>\n<meta name=\"robots\" content=\"index, follow, max-snippet:-1, max-image-preview:large, max-video-preview:-1\" \/>\n<link rel=\"canonical\" href=\"https:\/\/www.almira.sk\/?page_id=33\" \/>\n<meta property=\"og:locale\" content=\"sk_SK\" \/>\n<meta property=\"og:type\" content=\"article\" \/>\n<meta property=\"og:title\" content=\"- Almira s.r.o\" \/>\n<meta property=\"og:description\" content=\"KONTAKTY ALMIRA s.r.o. 958&nbsp;52&nbsp;\u017dabokreky nad Nitrou 109 Nap\u00ed\u0161te n\u00e1m Office +421 38 5421 0745 Mobile +421 905 453 923 Mobile +421 905 237 951\" \/>\n<meta property=\"og:url\" content=\"https:\/\/www.almira.sk\/?page_id=33\" \/>\n<meta property=\"og:site_name\" content=\"Almira s.r.o\" \/>\n<meta property=\"article:modified_time\" content=\"2025-05-09T12:07:18+00:00\" \/>\n<meta property=\"og:image\" content=\"https:\/\/www.almira.sk\/wp-content\/uploads\/2025\/04\/logo.svg\" \/>\n<meta name=\"twitter:card\" content=\"summary_large_image\" \/>\n<meta name=\"twitter:label1\" content=\"Predpokladan\u00fd \u010das \u010d\u00edtania\" \/>\n\t<meta name=\"twitter:data1\" content=\"1 min\u00fata\" \/>\n<script type=\"application\/ld+json\" class=\"yoast-schema-graph\">{\"@context\":\"https:\/\/schema.org\",\"@graph\":[{\"@type\":\"WebPage\",\"@id\":\"https:\/\/www.almira.sk\/?page_id=33\",\"url\":\"https:\/\/www.almira.sk\/?page_id=33\",\"name\":\"- Almira s.r.o\",\"isPartOf\":{\"@id\":\"https:\/\/www.almira.sk\/#website\"},\"primaryImageOfPage\":{\"@id\":\"https:\/\/www.almira.sk\/?page_id=33#primaryimage\"},\"image\":{\"@id\":\"https:\/\/www.almira.sk\/?page_id=33#primaryimage\"},\"thumbnailUrl\":\"https:\/\/www.almira.sk\/wp-content\/uploads\/2025\/04\/logo.svg\",\"datePublished\":\"2025-04-14T09:30:28+00:00\",\"dateModified\":\"2025-05-09T12:07:18+00:00\",\"inLanguage\":\"sk-SK\",\"potentialAction\":[{\"@type\":\"ReadAction\",\"target\":[\"https:\/\/www.almira.sk\/?page_id=33\"]}]},{\"@type\":\"ImageObject\",\"inLanguage\":\"sk-SK\",\"@id\":\"https:\/\/www.almira.sk\/?page_id=33#primaryimage\",\"url\":\"https:\/\/www.almira.sk\/wp-content\/uploads\/2025\/04\/logo.svg\",\"contentUrl\":\"https:\/\/www.almira.sk\/wp-content\/uploads\/2025\/04\/logo.svg\",\"width\":92,\"height\":69,\"caption\":\"Almira s.r.o.\"},{\"@type\":\"WebSite\",\"@id\":\"https:\/\/www.almira.sk\/#website\",\"url\":\"https:\/\/www.almira.sk\/\",\"name\":\"Almira s.r.o\",\"description\":\"\",\"publisher\":{\"@id\":\"https:\/\/www.almira.sk\/#organization\"},\"potentialAction\":[{\"@type\":\"SearchAction\",\"target\":{\"@type\":\"EntryPoint\",\"urlTemplate\":\"https:\/\/www.almira.sk\/?s={search_term_string}\"},\"query-input\":{\"@type\":\"PropertyValueSpecification\",\"valueRequired\":true,\"valueName\":\"search_term_string\"}}],\"inLanguage\":\"sk-SK\"},{\"@type\":\"Organization\",\"@id\":\"https:\/\/www.almira.sk\/#organization\",\"name\":\"Almira s.r.o\",\"url\":\"https:\/\/www.almira.sk\/\",\"logo\":{\"@type\":\"ImageObject\",\"inLanguage\":\"sk-SK\",\"@id\":\"https:\/\/www.almira.sk\/#\/schema\/logo\/image\/\",\"url\":\"https:\/\/www.almira.sk\/wp-content\/uploads\/2025\/04\/logo.svg\",\"contentUrl\":\"https:\/\/www.almira.sk\/wp-content\/uploads\/2025\/04\/logo.svg\",\"width\":92,\"height\":69,\"caption\":\"Almira s.r.o\"},\"image\":{\"@id\":\"https:\/\/www.almira.sk\/#\/schema\/logo\/image\/\"}}]}<\/script>\n<!-- \/ Yoast SEO plugin. -->","yoast_head_json":{"title":"- Almira s.r.o","robots":{"index":"index","follow":"follow","max-snippet":"max-snippet:-1","max-image-preview":"max-image-preview:large","max-video-preview":"max-video-preview:-1"},"canonical":"https:\/\/www.almira.sk\/?page_id=33","og_locale":"sk_SK","og_type":"article","og_title":"- Almira s.r.o","og_description":"KONTAKTY ALMIRA s.r.o. 958&nbsp;52&nbsp;\u017dabokreky nad Nitrou 109 Nap\u00ed\u0161te n\u00e1m Office +421 38 5421 0745 Mobile +421 905 453 923 Mobile +421 905 237 951","og_url":"https:\/\/www.almira.sk\/?page_id=33","og_site_name":"Almira s.r.o","article_modified_time":"2025-05-09T12:07:18+00:00","og_image":[{"url":"https:\/\/www.almira.sk\/wp-content\/uploads\/2025\/04\/logo.svg","type":"","width":"","height":""}],"twitter_card":"summary_large_image","twitter_misc":{"Predpokladan\u00fd \u010das \u010d\u00edtania":"1 min\u00fata"},"schema":{"@context":"https:\/\/schema.org","@graph":[{"@type":"WebPage","@id":"https:\/\/www.almira.sk\/?page_id=33","url":"https:\/\/www.almira.sk\/?page_id=33","name":"- Almira s.r.o","isPartOf":{"@id":"https:\/\/www.almira.sk\/#website"},"primaryImageOfPage":{"@id":"https:\/\/www.almira.sk\/?page_id=33#primaryimage"},"image":{"@id":"https:\/\/www.almira.sk\/?page_id=33#primaryimage"},"thumbnailUrl":"https:\/\/www.almira.sk\/wp-content\/uploads\/2025\/04\/logo.svg","datePublished":"2025-04-14T09:30:28+00:00","dateModified":"2025-05-09T12:07:18+00:00","inLanguage":"sk-SK","potentialAction":[{"@type":"ReadAction","target":["https:\/\/www.almira.sk\/?page_id=33"]}]},{"@type":"ImageObject","inLanguage":"sk-SK","@id":"https:\/\/www.almira.sk\/?page_id=33#primaryimage","url":"https:\/\/www.almira.sk\/wp-content\/uploads\/2025\/04\/logo.svg","contentUrl":"https:\/\/www.almira.sk\/wp-content\/uploads\/2025\/04\/logo.svg","width":92,"height":69,"caption":"Almira s.r.o."},{"@type":"WebSite","@id":"https:\/\/www.almira.sk\/#website","url":"https:\/\/www.almira.sk\/","name":"Almira s.r.o","description":"","publisher":{"@id":"https:\/\/www.almira.sk\/#organization"},"potentialAction":[{"@type":"SearchAction","target":{"@type":"EntryPoint","urlTemplate":"https:\/\/www.almira.sk\/?s={search_term_string}"},"query-input":{"@type":"PropertyValueSpecification","valueRequired":true,"valueName":"search_term_string"}}],"inLanguage":"sk-SK"},{"@type":"Organization","@id":"https:\/\/www.almira.sk\/#organization","name":"Almira s.r.o","url":"https:\/\/www.almira.sk\/","logo":{"@type":"ImageObject","inLanguage":"sk-SK","@id":"https:\/\/www.almira.sk\/#\/schema\/logo\/image\/","url":"https:\/\/www.almira.sk\/wp-content\/uploads\/2025\/04\/logo.svg","contentUrl":"https:\/\/www.almira.sk\/wp-content\/uploads\/2025\/04\/logo.svg","width":92,"height":69,"caption":"Almira s.r.o"},"image":{"@id":"https:\/\/www.almira.sk\/#\/schema\/logo\/image\/"}}]}},"_links":{"self":[{"href":"https:\/\/www.almira.sk\/index.php?rest_route=\/wp\/v2\/pages\/33","targetHints":{"allow":["GET"]}}],"collection":[{"href":"https:\/\/www.almira.sk\/index.php?rest_route=\/wp\/v2\/pages"}],"about":[{"href":"https:\/\/www.almira.sk\/index.php?rest_route=\/wp\/v2\/types\/page"}],"author":[{"embeddable":true,"href":"https:\/\/www.almira.sk\/index.php?rest_route=\/wp\/v2\/users\/1"}],"replies":[{"embeddable":true,"href":"https:\/\/www.almira.sk\/index.php?rest_route=%2Fwp%2Fv2%2Fcomments&post=33"}],"version-history":[{"count":35,"href":"https:\/\/www.almira.sk\/index.php?rest_route=\/wp\/v2\/pages\/33\/revisions"}],"predecessor-version":[{"id":1042,"href":"https:\/\/www.almira.sk\/index.php?rest_route=\/wp\/v2\/pages\/33\/revisions\/1042"}],"wp:attachment":[{"href":"https:\/\/www.almira.sk\/index.php?rest_route=%2Fwp%2Fv2%2Fmedia&parent=33"}],"curies":[{"name":"wp","href":"https:\/\/api.w.org\/{rel}","templated":true}]}}