{"id":31,"date":"2025-04-14T11:30:28","date_gmt":"2025-04-14T09:30:28","guid":{"rendered":"https:\/\/www.almira.sk\/index.php\/about\/"},"modified":"2025-04-17T14:59:22","modified_gmt":"2025-04-17T12:59:22","slug":"about","status":"publish","type":"page","link":"https:\/\/www.almira.sk\/?page_id=31","title":{"rendered":"O n\u00e1s"},"content":{"rendered":"\t\t<div data-elementor-type=\"wp-page\" data-elementor-id=\"31\" class=\"elementor elementor-31\">\n\t\t\t\t<div class=\"elementor-element elementor-element-9010cd0 e-flex e-con-boxed e-con e-parent\" data-id=\"9010cd0\" data-element_type=\"container\" data-settings=\"{&quot;background_background&quot;:&quot;classic&quot;}\">\n\t\t\t\t\t<div class=\"e-con-inner\">\n\t\t<div class=\"elementor-element elementor-element-5a69cc7 e-con-full e-flex e-con e-child\" data-id=\"5a69cc7\" data-element_type=\"container\">\n\t\t\t\t<div class=\"elementor-element elementor-element-f184ec7 elementor-widget elementor-widget-heading\" data-id=\"f184ec7\" data-element_type=\"widget\" data-widget_type=\"heading.default\">\n\t\t\t\t<div class=\"elementor-widget-container\">\n\t\t\t\t\t<h1 class=\"elementor-heading-title elementor-size-default\">o n\u00e1s<\/h1>\t\t\t\t<\/div>\n\t\t\t\t<\/div>\n\t\t\t\t<\/div>\n\t\t\t\t\t<\/div>\n\t\t\t\t<\/div>\n\t\t<div class=\"elementor-element elementor-element-a529ccb e-flex e-con-boxed e-con e-parent\" data-id=\"a529ccb\" data-element_type=\"container\" data-settings=\"{&quot;background_background&quot;:&quot;classic&quot;}\">\n\t\t\t\t\t<div class=\"e-con-inner\">\n\t\t<div class=\"elementor-element elementor-element-83324c1 e-con-full e-flex e-con e-child\" data-id=\"83324c1\" data-element_type=\"container\">\n\t\t\t\t<div class=\"elementor-element elementor-element-45f990c elementor-widget elementor-widget-heading\" data-id=\"45f990c\" data-element_type=\"widget\" data-widget_type=\"heading.default\">\n\t\t\t\t<div class=\"elementor-widget-container\">\n\t\t\t\t\t<h2 class=\"elementor-heading-title elementor-size-default\">Zalo\u017een\u00e9 v roku 1996<\/h2>\t\t\t\t<\/div>\n\t\t\t\t<\/div>\n\t\t\t\t<\/div>\n\t\t<div class=\"elementor-element elementor-element-c4f6020 e-con-full e-flex e-con e-child\" data-id=\"c4f6020\" data-element_type=\"container\">\n\t\t\t\t<div class=\"elementor-element elementor-element-7f646ff elementor-widget elementor-widget-text-editor\" data-id=\"7f646ff\" data-element_type=\"widget\" data-widget_type=\"text-editor.default\">\n\t\t\t\t<div class=\"elementor-widget-container\">\n\t\t\t\t\t\t\t\t\t<p>Spolo\u010dnos\u0165 bola zalo\u017een\u00e1 v roku 1996 ako rodinn\u00fd podnik Miroslava Vlka a jeho synov Maria a Petra. Od svojho vzniku sa zameriava na v\u00fdvoj a v\u00fdrobu technick\u00fdch lepidiel, n\u00e1terov\u00fdch hm\u00f4t pre priemyseln\u00e9 aj \u0161pecializovan\u00e9 aplik\u00e1cie ako aj maliarsk\u00fdch interi\u00e9rov\u00fdch farieb. Postupn\u00fdm roz\u0161irovan\u00edm v\u00fdrobn\u00fdch kapac\u00edt a technologick\u00e9ho z\u00e1zemia sme do portf\u00f3lia zaradili aj v\u00fdrobu pracovnej obuvi s d\u00f4razom na ergon\u00f3miu, odolnos\u0165 a bezpe\u010dnostn\u00e9 normy. Dlhoro\u010dn\u00e9 know-how, stabiln\u00e9 v\u00fdrobn\u00e9 procesy a individu\u00e1lny pr\u00edstup k z\u00e1kazn\u00edkom tvoria z\u00e1klad n\u00e1\u0161ho \u00faspechu na dom\u00e1com aj medzin\u00e1rodnom trhu.<\/p>\t\t\t\t\t\t\t\t<\/div>\n\t\t\t\t<\/div>\n\t\t\t\t<\/div>\n\t\t\t\t\t<\/div>\n\t\t\t\t<\/div>\n\t\t\t\t<\/div>\n\t\t","protected":false},"excerpt":{"rendered":"<p>o n\u00e1s Zalo\u017een\u00e9 v roku 1996 Spolo\u010dnos\u0165 bola zalo\u017een\u00e1 v roku 1996 ako rodinn\u00fd podnik Miroslava Vlka a jeho synov Maria a Petra. Od svojho vzniku sa zameriava na v\u00fdvoj a v\u00fdrobu technick\u00fdch lepidiel, n\u00e1terov\u00fdch hm\u00f4t pre priemyseln\u00e9 aj \u0161pecializovan\u00e9 aplik\u00e1cie ako aj maliarsk\u00fdch interi\u00e9rov\u00fdch farieb. Postupn\u00fdm roz\u0161irovan\u00edm v\u00fdrobn\u00fdch kapac\u00edt a technologick\u00e9ho z\u00e1zemia sme do [&hellip;]<\/p>\n","protected":false},"author":1,"featured_media":0,"parent":0,"menu_order":0,"comment_status":"closed","ping_status":"closed","template":"","meta":{"site-sidebar-layout":"no-sidebar","site-content-layout":"page-builder","ast-site-content-layout":"full-width-container","site-content-style":"unboxed","site-sidebar-style":"unboxed","ast-global-header-display":"","ast-banner-title-visibility":"","ast-main-header-display":"","ast-hfb-above-header-display":"","ast-hfb-below-header-display":"","ast-hfb-mobile-header-display":"","site-post-title":"disabled","ast-breadcrumbs-content":"","ast-featured-img":"","footer-sml-layout":"","theme-transparent-header-meta":"enabled","adv-header-id-meta":"","stick-header-meta":"","header-above-stick-meta":"","header-main-stick-meta":"","header-below-stick-meta":"","astra-migrate-meta-layouts":"set","ast-page-background-enabled":"default","ast-page-background-meta":{"desktop":{"background-color":"","background-image":"","background-repeat":"repeat","background-position":"center center","background-size":"auto","background-attachment":"scroll","background-type":"","background-media":"","overlay-type":"","overlay-color":"","overlay-opacity":"","overlay-gradient":""},"tablet":{"background-color":"","background-image":"","background-repeat":"repeat","background-position":"center center","background-size":"auto","background-attachment":"scroll","background-type":"","background-media":"","overlay-type":"","overlay-color":"","overlay-opacity":"","overlay-gradient":""},"mobile":{"background-color":"","background-image":"","background-repeat":"repeat","background-position":"center center","background-size":"auto","background-attachment":"scroll","background-type":"","background-media":"","overlay-type":"","overlay-color":"","overlay-opacity":"","overlay-gradient":""}},"ast-content-background-meta":{"desktop":{"background-color":"var(--ast-global-color-5)","background-image":"","background-repeat":"repeat","background-position":"center center","background-size":"auto","background-attachment":"scroll","background-type":"","background-media":"","overlay-type":"","overlay-color":"","overlay-opacity":"","overlay-gradient":""},"tablet":{"background-color":"var(--ast-global-color-5)","background-image":"","background-repeat":"repeat","background-position":"center center","background-size":"auto","background-attachment":"scroll","background-type":"","background-media":"","overlay-type":"","overlay-color":"","overlay-opacity":"","overlay-gradient":""},"mobile":{"background-color":"var(--ast-global-color-5)","background-image":"","background-repeat":"repeat","background-position":"center center","background-size":"auto","background-attachment":"scroll","background-type":"","background-media":"","overlay-type":"","overlay-color":"","overlay-opacity":"","overlay-gradient":""}},"footnotes":""},"class_list":["post-31","page","type-page","status-publish","hentry"],"yoast_head":"<!-- This site is optimized with the Yoast SEO plugin v25.0 - https:\/\/yoast.com\/wordpress\/plugins\/seo\/ -->\n<title>O n\u00e1s - Almira s.r.o<\/title>\n<meta name=\"robots\" content=\"index, follow, max-snippet:-1, max-image-preview:large, max-video-preview:-1\" \/>\n<link rel=\"canonical\" href=\"https:\/\/www.almira.sk\/?page_id=31\" \/>\n<meta property=\"og:locale\" content=\"sk_SK\" \/>\n<meta property=\"og:type\" content=\"article\" \/>\n<meta property=\"og:title\" content=\"O n\u00e1s - Almira s.r.o\" \/>\n<meta property=\"og:description\" content=\"o n\u00e1s Zalo\u017een\u00e9 v roku 1996 Spolo\u010dnos\u0165 bola zalo\u017een\u00e1 v roku 1996 ako rodinn\u00fd podnik Miroslava Vlka a jeho synov Maria a Petra. Od svojho vzniku sa zameriava na v\u00fdvoj a v\u00fdrobu technick\u00fdch lepidiel, n\u00e1terov\u00fdch hm\u00f4t pre priemyseln\u00e9 aj \u0161pecializovan\u00e9 aplik\u00e1cie ako aj maliarsk\u00fdch interi\u00e9rov\u00fdch farieb. Postupn\u00fdm roz\u0161irovan\u00edm v\u00fdrobn\u00fdch kapac\u00edt a technologick\u00e9ho z\u00e1zemia sme do [&hellip;]\" \/>\n<meta property=\"og:url\" content=\"https:\/\/www.almira.sk\/?page_id=31\" \/>\n<meta property=\"og:site_name\" content=\"Almira s.r.o\" \/>\n<meta property=\"article:modified_time\" content=\"2025-04-17T12:59:22+00:00\" \/>\n<meta name=\"twitter:card\" content=\"summary_large_image\" \/>\n<meta name=\"twitter:label1\" content=\"Predpokladan\u00fd \u010das \u010d\u00edtania\" \/>\n\t<meta name=\"twitter:data1\" content=\"1 min\u00fata\" \/>\n<script type=\"application\/ld+json\" class=\"yoast-schema-graph\">{\"@context\":\"https:\/\/schema.org\",\"@graph\":[{\"@type\":\"WebPage\",\"@id\":\"https:\/\/www.almira.sk\/?page_id=31\",\"url\":\"https:\/\/www.almira.sk\/?page_id=31\",\"name\":\"O n\u00e1s - Almira s.r.o\",\"isPartOf\":{\"@id\":\"https:\/\/www.almira.sk\/#website\"},\"datePublished\":\"2025-04-14T09:30:28+00:00\",\"dateModified\":\"2025-04-17T12:59:22+00:00\",\"breadcrumb\":{\"@id\":\"https:\/\/www.almira.sk\/?page_id=31#breadcrumb\"},\"inLanguage\":\"sk-SK\",\"potentialAction\":[{\"@type\":\"ReadAction\",\"target\":[\"https:\/\/www.almira.sk\/?page_id=31\"]}]},{\"@type\":\"BreadcrumbList\",\"@id\":\"https:\/\/www.almira.sk\/?page_id=31#breadcrumb\",\"itemListElement\":[{\"@type\":\"ListItem\",\"position\":1,\"name\":\"Domovsk\u00e1 str\u00e1nka\",\"item\":\"https:\/\/www.almira.sk\/\"},{\"@type\":\"ListItem\",\"position\":2,\"name\":\"O n\u00e1s\"}]},{\"@type\":\"WebSite\",\"@id\":\"https:\/\/www.almira.sk\/#website\",\"url\":\"https:\/\/www.almira.sk\/\",\"name\":\"Almira s.r.o\",\"description\":\"\",\"publisher\":{\"@id\":\"https:\/\/www.almira.sk\/#organization\"},\"potentialAction\":[{\"@type\":\"SearchAction\",\"target\":{\"@type\":\"EntryPoint\",\"urlTemplate\":\"https:\/\/www.almira.sk\/?s={search_term_string}\"},\"query-input\":{\"@type\":\"PropertyValueSpecification\",\"valueRequired\":true,\"valueName\":\"search_term_string\"}}],\"inLanguage\":\"sk-SK\"},{\"@type\":\"Organization\",\"@id\":\"https:\/\/www.almira.sk\/#organization\",\"name\":\"Almira s.r.o\",\"url\":\"https:\/\/www.almira.sk\/\",\"logo\":{\"@type\":\"ImageObject\",\"inLanguage\":\"sk-SK\",\"@id\":\"https:\/\/www.almira.sk\/#\/schema\/logo\/image\/\",\"url\":\"https:\/\/www.almira.sk\/wp-content\/uploads\/2025\/04\/logo.svg\",\"contentUrl\":\"https:\/\/www.almira.sk\/wp-content\/uploads\/2025\/04\/logo.svg\",\"width\":92,\"height\":69,\"caption\":\"Almira s.r.o\"},\"image\":{\"@id\":\"https:\/\/www.almira.sk\/#\/schema\/logo\/image\/\"}}]}<\/script>\n<!-- \/ Yoast SEO plugin. -->","yoast_head_json":{"title":"O n\u00e1s - Almira s.r.o","robots":{"index":"index","follow":"follow","max-snippet":"max-snippet:-1","max-image-preview":"max-image-preview:large","max-video-preview":"max-video-preview:-1"},"canonical":"https:\/\/www.almira.sk\/?page_id=31","og_locale":"sk_SK","og_type":"article","og_title":"O n\u00e1s - Almira s.r.o","og_description":"o n\u00e1s Zalo\u017een\u00e9 v roku 1996 Spolo\u010dnos\u0165 bola zalo\u017een\u00e1 v roku 1996 ako rodinn\u00fd podnik Miroslava Vlka a jeho synov Maria a Petra. Od svojho vzniku sa zameriava na v\u00fdvoj a v\u00fdrobu technick\u00fdch lepidiel, n\u00e1terov\u00fdch hm\u00f4t pre priemyseln\u00e9 aj \u0161pecializovan\u00e9 aplik\u00e1cie ako aj maliarsk\u00fdch interi\u00e9rov\u00fdch farieb. Postupn\u00fdm roz\u0161irovan\u00edm v\u00fdrobn\u00fdch kapac\u00edt a technologick\u00e9ho z\u00e1zemia sme do [&hellip;]","og_url":"https:\/\/www.almira.sk\/?page_id=31","og_site_name":"Almira s.r.o","article_modified_time":"2025-04-17T12:59:22+00:00","twitter_card":"summary_large_image","twitter_misc":{"Predpokladan\u00fd \u010das \u010d\u00edtania":"1 min\u00fata"},"schema":{"@context":"https:\/\/schema.org","@graph":[{"@type":"WebPage","@id":"https:\/\/www.almira.sk\/?page_id=31","url":"https:\/\/www.almira.sk\/?page_id=31","name":"O n\u00e1s - Almira s.r.o","isPartOf":{"@id":"https:\/\/www.almira.sk\/#website"},"datePublished":"2025-04-14T09:30:28+00:00","dateModified":"2025-04-17T12:59:22+00:00","breadcrumb":{"@id":"https:\/\/www.almira.sk\/?page_id=31#breadcrumb"},"inLanguage":"sk-SK","potentialAction":[{"@type":"ReadAction","target":["https:\/\/www.almira.sk\/?page_id=31"]}]},{"@type":"BreadcrumbList","@id":"https:\/\/www.almira.sk\/?page_id=31#breadcrumb","itemListElement":[{"@type":"ListItem","position":1,"name":"Domovsk\u00e1 str\u00e1nka","item":"https:\/\/www.almira.sk\/"},{"@type":"ListItem","position":2,"name":"O n\u00e1s"}]},{"@type":"WebSite","@id":"https:\/\/www.almira.sk\/#website","url":"https:\/\/www.almira.sk\/","name":"Almira s.r.o","description":"","publisher":{"@id":"https:\/\/www.almira.sk\/#organization"},"potentialAction":[{"@type":"SearchAction","target":{"@type":"EntryPoint","urlTemplate":"https:\/\/www.almira.sk\/?s={search_term_string}"},"query-input":{"@type":"PropertyValueSpecification","valueRequired":true,"valueName":"search_term_string"}}],"inLanguage":"sk-SK"},{"@type":"Organization","@id":"https:\/\/www.almira.sk\/#organization","name":"Almira s.r.o","url":"https:\/\/www.almira.sk\/","logo":{"@type":"ImageObject","inLanguage":"sk-SK","@id":"https:\/\/www.almira.sk\/#\/schema\/logo\/image\/","url":"https:\/\/www.almira.sk\/wp-content\/uploads\/2025\/04\/logo.svg","contentUrl":"https:\/\/www.almira.sk\/wp-content\/uploads\/2025\/04\/logo.svg","width":92,"height":69,"caption":"Almira s.r.o"},"image":{"@id":"https:\/\/www.almira.sk\/#\/schema\/logo\/image\/"}}]}},"_links":{"self":[{"href":"https:\/\/www.almira.sk\/index.php?rest_route=\/wp\/v2\/pages\/31","targetHints":{"allow":["GET"]}}],"collection":[{"href":"https:\/\/www.almira.sk\/index.php?rest_route=\/wp\/v2\/pages"}],"about":[{"href":"https:\/\/www.almira.sk\/index.php?rest_route=\/wp\/v2\/types\/page"}],"author":[{"embeddable":true,"href":"https:\/\/www.almira.sk\/index.php?rest_route=\/wp\/v2\/users\/1"}],"replies":[{"embeddable":true,"href":"https:\/\/www.almira.sk\/index.php?rest_route=%2Fwp%2Fv2%2Fcomments&post=31"}],"version-history":[{"count":17,"href":"https:\/\/www.almira.sk\/index.php?rest_route=\/wp\/v2\/pages\/31\/revisions"}],"predecessor-version":[{"id":1027,"href":"https:\/\/www.almira.sk\/index.php?rest_route=\/wp\/v2\/pages\/31\/revisions\/1027"}],"wp:attachment":[{"href":"https:\/\/www.almira.sk\/index.php?rest_route=%2Fwp%2Fv2%2Fmedia&parent=31"}],"curies":[{"name":"wp","href":"https:\/\/api.w.org\/{rel}","templated":true}]}}